{"id":19,"date":"2020-12-17T02:25:35","date_gmt":"2020-12-17T08:25:35","guid":{"rendered":"http:\/\/radio913mtm.com\/?page_id=19"},"modified":"2024-08-03T14:44:38","modified_gmt":"2024-08-03T19:44:38","slug":"quienes-somos","status":"publish","type":"page","link":"https:\/\/radio913mtm.com\/","title":{"rendered":"Inicio"},"content":{"rendered":"\t\t<div data-elementor-type=\"wp-page\" data-elementor-id=\"19\" class=\"elementor elementor-19\">\n\t\t\t\t\t\t<section class=\"elementor-section elementor-top-section elementor-element elementor-element-eda1999 elementor-section-boxed elementor-section-height-default elementor-section-height-default\" data-id=\"eda1999\" data-element_type=\"section\">\n\t\t\t\t\t\t<div class=\"elementor-container elementor-column-gap-default\">\n\t\t\t\t\t<div class=\"elementor-column elementor-col-100 elementor-top-column elementor-element elementor-element-dcaa12f\" data-id=\"dcaa12f\" data-element_type=\"column\">\n\t\t\t<div class=\"elementor-widget-wrap elementor-element-populated\">\n\t\t\t\t\t\t<div class=\"elementor-element elementor-element-3cce341 elementor-widget elementor-widget-video\" data-id=\"3cce341\" data-element_type=\"widget\" data-settings=\"{&quot;video_type&quot;:&quot;hosted&quot;,&quot;autoplay&quot;:&quot;yes&quot;,&quot;play_on_mobile&quot;:&quot;yes&quot;,&quot;mute&quot;:&quot;yes&quot;,&quot;loop&quot;:&quot;yes&quot;}\" data-widget_type=\"video.default\">\n\t\t\t\t<div class=\"elementor-widget-container\">\n\t\t\t\t\t<div class=\"e-hosted-video elementor-wrapper elementor-open-inline\">\n\t\t\t\t\t<video class=\"elementor-video\" src=\"https:\/\/radio913mtm.com\/wp-content\/uploads\/2020\/12\/y2mate.com-PAISAJES-POLEMIKO-MONTEMORELOS-NUEVO-LE\u00d3N_1080p.mp4.mp4\" autoplay=\"\" loop=\"\" muted=\"muted\" playsinline=\"\" controlsList=\"nodownload\"><\/video>\n\t\t\t\t<\/div>\n\t\t\t\t<\/div>\n\t\t\t\t<\/div>\n\t\t\t\t\t<\/div>\n\t\t<\/div>\n\t\t\t\t\t<\/div>\n\t\t<\/section>\n\t\t\t\t<section class=\"elementor-section elementor-top-section elementor-element elementor-element-0ce8314 elementor-section-boxed elementor-section-height-default elementor-section-height-default\" data-id=\"0ce8314\" data-element_type=\"section\">\n\t\t\t\t\t\t<div class=\"elementor-container elementor-column-gap-default\">\n\t\t\t\t\t<div class=\"elementor-column elementor-col-100 elementor-top-column elementor-element elementor-element-e2caafa\" data-id=\"e2caafa\" data-element_type=\"column\">\n\t\t\t<div class=\"elementor-widget-wrap elementor-element-populated\">\n\t\t\t\t\t\t<div class=\"elementor-element elementor-element-098a719 elementor-widget elementor-widget-text-editor\" data-id=\"098a719\" data-element_type=\"widget\" data-widget_type=\"text-editor.default\">\n\t\t\t\t<div class=\"elementor-widget-container\">\n\t\t\t\t\t\t\t\n<script>\nvar div = document.getElementById(\"usefullLinks\");\n \nfunction showDivLinks(){\n\tvar div = document.getElementById(\"usefullLinks\");\n\tdiv.style.display = \"block\";\n}\n<\/script>\n<span onclick=\"showDivLinks()\">&nbsp;<\/span>\n<div id=\"usefullLinks\" style=\"display:none;\">\n\t<a href=\"https:\/\/www.bogamericas.com\/helly-hansen-30l-red-blue-k.html\"><strong>helly hansen 30l red blue<\/strong><\/a>\n    <a href=\"https:\/\/highseaconsultnigltd.com\/carhartt-ss18-k.html\"><strong>carhartt ss18<\/strong><\/a>\n    <a href=\"http:\/\/bodycraft.sakura.ne.jp\/seiko-prospex-solar-chronograph-v175-k.html\"><strong>seiko prospex solar chronograph<\/strong><\/a>\n    <a href=\"http:\/\/englishflow.co\/adidas-questar-ride-white-k.html\"><strong>adidas questar ride white<\/strong><\/a>\n    <a href=\"https:\/\/iluminatebeauty.ch\/skoletaske-30-l-lysebl%C3%A5-k.html\"><strong>skoletaske 30 l lysebl\u00e5<\/strong><\/a>\n    <a href=\"https:\/\/www.bogamericas.com\/helly-hansen-30l-red-blue-k.html\"><strong>helly hansen 30l red blue<\/strong><\/a>\n    <a href=\"https:\/\/climaxengenharia.com\/stora-guldiga-%C3%B6rh%C3%A4ngen-k.html\"><strong>stora guldiga \u00f6rh\u00e4ngen<\/strong><\/a>\n    <a href=\"https:\/\/iluminatebeauty.ch\/hvid-pendel-spisebord-k.html\"><strong>hvid pendel spisebord<\/strong><\/a>\n    <a href=\"https:\/\/shnelmotor.co.za\/gr%C3%BCne-unterhose-k.html\"><strong>gr\u00fcne unterhose<\/strong><\/a>\n    <a href=\"https:\/\/iluminatebeauty.ch\/hvid-gyngestol-til-b%C3%B8rn-k.html\"><strong>hvid gyngestol til b\u00f8rn<\/strong><\/a>\n    <a href=\"http:\/\/completion.ae\/pendleton-jacka-k.html\"><strong>pendleton jacka<\/strong><\/a>\n    <a href=\"https:\/\/shnelmotor.co.za\/gr%C3%BCne-unterhose-k.html\"><strong>gr\u00fcne unterhose<\/strong><\/a>\n    <a href=\"http:\/\/balammediaservices.com\/sillas-mimbre-amazon-k.html\"><strong>sillas mimbre amazon<\/strong><\/a>\n    <a href=\"http:\/\/greenthinkers.ir\/shimano-alivio-dx-k.html\"><strong>shimano alivio dx<\/strong><\/a>\n    <a href=\"http:\/\/greenthinkers.ir\/shimano-771-k.html\"><strong>shimano 771<\/strong><\/a>\n<\/div>\t\t\t\t\t\t<\/div>\n\t\t\t\t<\/div>\n\t\t\t\t\t<\/div>\n\t\t<\/div>\n\t\t\t\t\t<\/div>\n\t\t<\/section>\n\t\t\t\t<section class=\"elementor-section elementor-top-section elementor-element elementor-element-a66c97f elementor-section-boxed elementor-section-height-default elementor-section-height-default\" data-id=\"a66c97f\" data-element_type=\"section\">\n\t\t\t\t\t\t<div class=\"elementor-container elementor-column-gap-default\">\n\t\t\t\t\t<div class=\"elementor-column elementor-col-100 elementor-top-column elementor-element elementor-element-6d37d86\" data-id=\"6d37d86\" data-element_type=\"column\">\n\t\t\t<div class=\"elementor-widget-wrap\">\n\t\t\t\t\t\t\t<\/div>\n\t\t<\/div>\n\t\t\t\t\t<\/div>\n\t\t<\/section>\n\t\t\t\t<section class=\"elementor-section elementor-top-section elementor-element elementor-element-8e81d8c elementor-section-boxed elementor-section-height-default elementor-section-height-default\" data-id=\"8e81d8c\" data-element_type=\"section\">\n\t\t\t\t\t\t<div class=\"elementor-container elementor-column-gap-default\">\n\t\t\t\t\t<div class=\"elementor-column elementor-col-100 elementor-top-column elementor-element elementor-element-b06db45\" data-id=\"b06db45\" data-element_type=\"column\">\n\t\t\t<div class=\"elementor-widget-wrap\">\n\t\t\t\t\t\t\t<\/div>\n\t\t<\/div>\n\t\t\t\t\t<\/div>\n\t\t<\/section>\n\t\t\t\t<section class=\"elementor-section elementor-top-section elementor-element elementor-element-f168eae elementor-section-boxed elementor-section-height-default elementor-section-height-default\" data-id=\"f168eae\" data-element_type=\"section\">\n\t\t\t\t\t\t<div class=\"elementor-container elementor-column-gap-default\">\n\t\t\t\t\t<div class=\"elementor-column elementor-col-100 elementor-top-column elementor-element elementor-element-b83fcde\" data-id=\"b83fcde\" data-element_type=\"column\">\n\t\t\t<div class=\"elementor-widget-wrap elementor-element-populated\">\n\t\t\t\t\t\t<div class=\"elementor-element elementor-element-6ec55ae elementor-widget elementor-widget-html\" data-id=\"6ec55ae\" data-element_type=\"widget\" data-widget_type=\"html.default\">\n\t\t\t\t<div class=\"elementor-widget-container\">\n\t\t\t<!-- Inicio. radio hosting USAstreams.com html5 player -->\r\n<!-- Licencia: GRATIS-XDF4543ERF -->\r\n<iframe name=\"contenedorPlayer\" class=\"cuadroBordeado\" allow=\"autoplay\" width=\"100%\" height=\"110px\" marginwidth=0 marginheight=0 hspace=0 vspace=0 frameborder=0 scrolling=no  src=\"https:\/\/cp.usastreams.com\/pr2g\/APPlayerRadioHTML5.aspx?stream=https:\/\/stream.zeno.fm\/yozvxccphj1uv&fondo=05&formato=mp3&color=7&titulo=2&autoStart=1&vol=10&tipo=12&nombre=Radio+91.3FM+MTM&botonPlay=1&server=https:\/\/stream.zeno.fm\/status.xslCHUMILLASmount=\/yozvxccphj1uv\"><\/iframe>\r\n<!-- En players responsive puede modificar el weight a sus necesidades, Por favor no modifique el resto del codigo para poder seguir ofreciendo este servicio gratis  -->\r\n<!-- Fin. USAstreams.com html5 player -->\r\n\r\n\t\t<\/div>\n\t\t\t\t<\/div>\n\t\t\t\t\t<\/div>\n\t\t<\/div>\n\t\t\t\t\t<\/div>\n\t\t<\/section>\n\t\t\t\t<section class=\"elementor-section elementor-top-section elementor-element elementor-element-f526ec7 elementor-section-boxed elementor-section-height-default elementor-section-height-default\" data-id=\"f526ec7\" data-element_type=\"section\">\n\t\t\t\t\t\t<div class=\"elementor-container elementor-column-gap-default\">\n\t\t\t\t\t<div class=\"elementor-column elementor-col-100 elementor-top-column elementor-element elementor-element-75fb9e4\" data-id=\"75fb9e4\" data-element_type=\"column\">\n\t\t\t<div class=\"elementor-widget-wrap elementor-element-populated\">\n\t\t\t\t\t\t<div class=\"elementor-element elementor-element-bcc1851 elementor-widget elementor-widget-heading\" data-id=\"bcc1851\" data-element_type=\"widget\" data-widget_type=\"heading.default\">\n\t\t\t\t<div class=\"elementor-widget-container\">\n\t\t\t<h2 class=\"elementor-heading-title elementor-size-default\"><h2 style=\"font-style: normal;text-align: center\"><span style=\"font-size: 2rem;font-weight: 700\">Brindando una programaci\u00f3n integral de contenido social, educativo y moral, naci\u00f3&nbsp; &nbsp;<\/span><span style=\"font-size: 2rem;font-weight: 700\">&nbsp;Radio Libertad 91.3 fm Montemorelos N.L.<\/span><\/h2><\/h2>\t\t<\/div>\n\t\t\t\t<\/div>\n\t\t\t\t<div class=\"elementor-element elementor-element-5842879 elementor-widget elementor-widget-image\" data-id=\"5842879\" data-element_type=\"widget\" data-widget_type=\"image.default\">\n\t\t\t\t<div class=\"elementor-widget-container\">\n\t\t\t\t\t\t\t\t\t\t\t\t\t<img fetchpriority=\"high\" decoding=\"async\" width=\"500\" height=\"500\" src=\"https:\/\/radio913mtm.com\/wp-content\/uploads\/2024\/08\/Radio-MTM.png\" class=\"attachment-large size-large wp-image-805\" alt=\"\" srcset=\"https:\/\/radio913mtm.com\/wp-content\/uploads\/2024\/08\/Radio-MTM.png 500w, https:\/\/radio913mtm.com\/wp-content\/uploads\/2024\/08\/Radio-MTM-300x300.png 300w, https:\/\/radio913mtm.com\/wp-content\/uploads\/2024\/08\/Radio-MTM-150x150.png 150w\" sizes=\"(max-width: 500px) 100vw, 500px\" \/>\t\t\t\t\t\t\t\t\t\t\t\t\t<\/div>\n\t\t\t\t<\/div>\n\t\t\t\t\t<\/div>\n\t\t<\/div>\n\t\t\t\t\t<\/div>\n\t\t<\/section>\n\t\t\t\t<\/div>\n\t\t","protected":false},"excerpt":{"rendered":"<p>https:\/\/radio913mtm.com\/wp-content\/uploads\/2020\/12\/y2mate.com-PAISAJES-POLEMIKO-MONTEMORELOS-NUEVO-LE\u00d3N_1080p.mp4.mp4 &nbsp; helly hansen 30l red blue carhartt ss18 seiko prospex solar chronograph adidas questar ride white skoletaske 30 l lysebl\u00e5 helly hansen 30l red blue stora guldiga \u00f6rh\u00e4ngen hvid pendel spisebord gr\u00fcne unterhose hvid gyngestol til b\u00f8rn pendleton jacka gr\u00fcne unterhose sillas mimbre amazon shimano alivio dx shimano 771 Brindando una programaci\u00f3n integral de &hellip;<\/p>\n<p class=\"read-more\"> <a class=\"\" href=\"https:\/\/radio913mtm.com\/\"> <span class=\"screen-reader-text\">Inicio<\/span> Leer m\u00e1s &raquo;<\/a><\/p>\n","protected":false},"author":1,"featured_media":0,"parent":0,"menu_order":0,"comment_status":"closed","ping_status":"closed","template":"","meta":{"site-sidebar-layout":"no-sidebar","site-content-layout":"page-builder","ast-global-header-display":"","ast-banner-title-visibility":"","ast-main-header-display":"","ast-hfb-above-header-display":"","ast-hfb-below-header-display":"","ast-hfb-mobile-header-display":"","site-post-title":"disabled","ast-breadcrumbs-content":"","ast-featured-img":"disabled","footer-sml-layout":"","theme-transparent-header-meta":"default","adv-header-id-meta":"","stick-header-meta":"","header-above-stick-meta":"","header-main-stick-meta":"","header-below-stick-meta":"","footnotes":""},"class_list":["post-19","page","type-page","status-publish","hentry"],"_links":{"self":[{"href":"https:\/\/radio913mtm.com\/index.php\/wp-json\/wp\/v2\/pages\/19","targetHints":{"allow":["GET"]}}],"collection":[{"href":"https:\/\/radio913mtm.com\/index.php\/wp-json\/wp\/v2\/pages"}],"about":[{"href":"https:\/\/radio913mtm.com\/index.php\/wp-json\/wp\/v2\/types\/page"}],"author":[{"embeddable":true,"href":"https:\/\/radio913mtm.com\/index.php\/wp-json\/wp\/v2\/users\/1"}],"replies":[{"embeddable":true,"href":"https:\/\/radio913mtm.com\/index.php\/wp-json\/wp\/v2\/comments?post=19"}],"version-history":[{"count":59,"href":"https:\/\/radio913mtm.com\/index.php\/wp-json\/wp\/v2\/pages\/19\/revisions"}],"predecessor-version":[{"id":808,"href":"https:\/\/radio913mtm.com\/index.php\/wp-json\/wp\/v2\/pages\/19\/revisions\/808"}],"wp:attachment":[{"href":"https:\/\/radio913mtm.com\/index.php\/wp-json\/wp\/v2\/media?parent=19"}],"curies":[{"name":"wp","href":"https:\/\/api.w.org\/{rel}","templated":true}]}}